{"id":913,"date":"2019-07-10T15:37:41","date_gmt":"2019-07-10T15:37:41","guid":{"rendered":"https:\/\/visitsutivan.com\/?page_id=913"},"modified":"2026-03-27T12:31:40","modified_gmt":"2026-03-27T12:31:40","slug":"kalendar-dogadanja","status":"publish","type":"page","link":"https:\/\/www.visitsutivan.com\/hr\/kalendar-dogadanja\/","title":{"rendered":"Kalendar doga\u0111anja"},"content":{"rendered":"\n\t\t<div id=\"fws_69f2eeee2fe23\"  data-midnight=\"dark\" data-bottom-percent=\"7%\"  data-bg-mobile-hidden=\"\" class=\"wpb_row vc_row-fluid vc_row top-level standard_section  explore-quicklinks-wrapper \"  style=\"padding-top: 0px; padding-bottom: calc(100vw * 0.07); \"><div class=\"row-bg-wrap\" data-bg-animation=\"none\"><div class=\"inner-wrap \"><div class=\"row-bg    \"  style=\"\"><\/div><\/div><div class=\"row-bg-overlay\" ><\/div><\/div><div class=\"col span_12 dark left\">\n\t<div  class=\"vc_col-sm-12 wpb_column column_container vc_column_container col no-extra-padding\"  data-t-w-inherits=\"default\" data-border-radius=\"none\" data-shadow=\"none\" data-border-animation=\"\" data-border-animation-delay=\"\" data-border-width=\"none\" data-border-style=\"solid\" data-border-color=\"\" data-bg-cover=\"\" data-padding-pos=\"all\" data-has-bg-color=\"false\" data-bg-color=\"\" data-bg-opacity=\"1\" data-hover-bg=\"\" data-hover-bg-opacity=\"1\" data-animation=\"\" data-delay=\"0\"><div class=\"column-bg-overlay\"><\/div>\n\t\t<div class=\"vc_column-inner\">\n\t\t\t<div class=\"wpb_wrapper\">\n\t\t\t\t<h1 style=\"text-align: center\" class=\"vc_custom_heading\" ><a href=\"\">Kalendar doga\u0111anja<\/a><\/h1>\r\n    \t<div id=\"fws_69f2eeee31d15\" data-midnight=\"\" data-column-margin=\"default\" data-bg-mobile-hidden=\"\" class=\"wpb_row vc_row-fluid vc_row inner_row standard_section    \"  style=\"padding-top: 3%; padding-bottom: 0px; \"><div class=\"row-bg-wrap\"> <div class=\"row-bg   \"  style=\"\"><\/div> <\/div><div class=\"col span_12  left\">\n\t<div  class=\"vc_col-sm-6 wpb_column column_container vc_column_container col no-extra-padding\"   data-t-w-inherits=\"default\" data-shadow=\"none\" data-border-radius=\"none\" data-border-animation=\"\" data-border-animation-delay=\"\" data-border-width=\"none\" data-border-style=\"solid\" data-border-color=\"\" data-bg-cover=\"\" data-padding-pos=\"all\" data-has-bg-color=\"false\" data-bg-color=\"\" data-bg-opacity=\"1\" data-hover-bg=\"\" data-hover-bg-opacity=\"1\" data-animation=\"\" data-delay=\"0\"><div class=\"column-bg-overlay\"><\/div>\n\t\t<div class=\"vc_column-inner\">\n\t\t<div class=\"wpb_wrapper\">\n\t\t\t<div class=\"nectar-fancy-box style-5 using-img \" data-style=\"parallax_hover\" data-animation=\"\" data-delay=\"\" data-color=\"accent-color\"><a target=\"_blank\" href=\"https:\/\/visitsutivan.com\/wp-content\/uploads\/2025\/06\/Sutivan_Program-dogadanja_web.pdf\" class=\"box-link\"><\/a><div class=\"parallaxImg\"><div class=\"parallaxImg-layer\" data-img=\"https:\/\/www.visitsutivan.com\/wp-content\/uploads\/2025\/06\/Screenshot-2025-06-11-at-14.51.26.png\"><\/div><div class=\"parallaxImg-layer\"> <div class=\"meta-wrap\" style=\"min-height: 300px\"><div class=\"inner\">\n<h2>Pregledaj kalendar doga\u0111anja<\/h2>\n<\/div> <\/div><\/div><\/div><\/div>\n\t\t<\/div> \n\t<\/div>\n\t<\/div> \n\n\t<div  class=\"vc_col-sm-6 wpb_column column_container vc_column_container col no-extra-padding\"   data-t-w-inherits=\"default\" data-shadow=\"none\" data-border-radius=\"none\" data-border-animation=\"\" data-border-animation-delay=\"\" data-border-width=\"none\" data-border-style=\"solid\" data-border-color=\"\" data-bg-cover=\"\" data-padding-pos=\"all\" data-has-bg-color=\"false\" data-bg-color=\"\" data-bg-opacity=\"1\" data-hover-bg=\"\" data-hover-bg-opacity=\"1\" data-animation=\"\" data-delay=\"0\"><div class=\"column-bg-overlay\"><\/div>\n\t\t<div class=\"vc_column-inner\">\n\t\t<div class=\"wpb_wrapper\">\n\t\t\t<div class=\"nectar-fancy-box style-5 using-img \" data-style=\"parallax_hover\" data-animation=\"\" data-delay=\"\" data-color=\"accent-color\"><a  href=\"\/hr\/dogadanja\" class=\"box-link\"><\/a><div class=\"parallaxImg\"><div class=\"parallaxImg-layer\" data-img=\"https:\/\/www.visitsutivan.com\/wp-content\/uploads\/2019\/01\/sutivan-povijest-2.jpg\"><\/div><div class=\"parallaxImg-layer\"> <div class=\"meta-wrap\" style=\"min-height: 300px\"><div class=\"inner\">\n<h2>Glavna doga\u0111anja<\/h2>\n<\/div> <\/div><\/div><\/div><\/div>\n\t\t<\/div> \n\t<\/div>\n\t<\/div> \n<\/div><\/div>\r\n    \t<div id=\"fws_69f2eeee32ff0\" data-midnight=\"\" data-column-margin=\"default\" data-bg-mobile-hidden=\"\" class=\"wpb_row vc_row-fluid vc_row inner_row standard_section    \"  style=\"padding-top: 3%; padding-bottom: 0px; \"><div class=\"row-bg-wrap\"> <div class=\"row-bg   \"  style=\"\"><\/div> <\/div><div class=\"col span_12  left\">\n\t<div  class=\"vc_col-sm-6 wpb_column column_container vc_column_container col no-extra-padding\"   data-t-w-inherits=\"default\" data-shadow=\"none\" data-border-radius=\"none\" data-border-animation=\"\" data-border-animation-delay=\"\" data-border-width=\"none\" data-border-style=\"solid\" data-border-color=\"\" data-bg-cover=\"\" data-padding-pos=\"all\" data-has-bg-color=\"false\" data-bg-color=\"\" data-bg-opacity=\"1\" data-hover-bg=\"\" data-hover-bg-opacity=\"1\" data-animation=\"\" data-delay=\"0\"><div class=\"column-bg-overlay\"><\/div>\n\t\t<div class=\"vc_column-inner\">\n\t\t<div class=\"wpb_wrapper\">\n\t\t\t<div class=\"nectar-fancy-box style-5 using-img \" data-style=\"parallax_hover\" data-animation=\"\" data-delay=\"\" data-color=\"accent-color\"><a target=\"_blank\" href=\"https:\/\/chasers.uvati-vitar.hr\/\" class=\"box-link\"><\/a><div class=\"parallaxImg\"><div class=\"parallaxImg-layer\" data-img=\"https:\/\/www.visitsutivan.com\/wp-content\/uploads\/2020\/01\/uvati-vitar.jpg\"><\/div><div class=\"parallaxImg-layer\"> <div class=\"meta-wrap\" style=\"min-height: 300px\"><div class=\"inner\">\n<h2>Biciklisti\u010dki maraton<\/h2>\n<\/div> <\/div><\/div><\/div><\/div>\n\t\t<\/div> \n\t<\/div>\n\t<\/div> \n\n\t<div  class=\"vc_col-sm-6 wpb_column column_container vc_column_container col no-extra-padding\"   data-t-w-inherits=\"default\" data-shadow=\"none\" data-border-radius=\"none\" data-border-animation=\"\" data-border-animation-delay=\"\" data-border-width=\"none\" data-border-style=\"solid\" data-border-color=\"\" data-bg-cover=\"\" data-padding-pos=\"all\" data-has-bg-color=\"false\" data-bg-color=\"\" data-bg-opacity=\"1\" data-hover-bg=\"\" data-hover-bg-opacity=\"1\" data-animation=\"\" data-delay=\"0\"><div class=\"column-bg-overlay\"><\/div>\n\t\t<div class=\"vc_column-inner\">\n\t\t<div class=\"wpb_wrapper\">\n\t\t\t<div class=\"nectar-fancy-box style-5 using-img \" data-style=\"parallax_hover\" data-animation=\"\" data-delay=\"\" data-color=\"accent-color\"><a target=\"_blank\" href=\"https:\/\/morejazz.hr\/en\/\" class=\"box-link\"><\/a><div class=\"parallaxImg\"><div class=\"parallaxImg-layer\" data-img=\"https:\/\/www.visitsutivan.com\/wp-content\/uploads\/2019\/06\/Screenshot-2019-07-11-at-23.50.44.png\"><\/div><div class=\"parallaxImg-layer\"> <div class=\"meta-wrap\" style=\"min-height: 300px\"><div class=\"inner\">\n<h2>Jazz festival, Srpanj<\/h2>\n<\/div> <\/div><\/div><\/div><\/div>\n\t\t<\/div> \n\t<\/div>\n\t<\/div> \n<\/div><\/div>\n\t\t\t<\/div> \n\t\t<\/div>\n\t<\/div> \n<\/div><\/div>\n","protected":false},"excerpt":{"rendered":"Kalendar doga\u0111anja Pregledaj kalendar doga\u0111anja Glavna doga\u0111anja Biciklisti\u010dki maraton Jazz festival, Srpanj","protected":false},"author":2,"featured_media":0,"parent":0,"menu_order":0,"comment_status":"closed","ping_status":"closed","template":"","meta":[],"_links":{"self":[{"href":"https:\/\/www.visitsutivan.com\/hr\/wp-json\/wp\/v2\/pages\/913"}],"collection":[{"href":"https:\/\/www.visitsutivan.com\/hr\/wp-json\/wp\/v2\/pages"}],"about":[{"href":"https:\/\/www.visitsutivan.com\/hr\/wp-json\/wp\/v2\/types\/page"}],"author":[{"embeddable":true,"href":"https:\/\/www.visitsutivan.com\/hr\/wp-json\/wp\/v2\/users\/2"}],"replies":[{"embeddable":true,"href":"https:\/\/www.visitsutivan.com\/hr\/wp-json\/wp\/v2\/comments?post=913"}],"version-history":[{"count":17,"href":"https:\/\/www.visitsutivan.com\/hr\/wp-json\/wp\/v2\/pages\/913\/revisions"}],"predecessor-version":[{"id":9641,"href":"https:\/\/www.visitsutivan.com\/hr\/wp-json\/wp\/v2\/pages\/913\/revisions\/9641"}],"wp:attachment":[{"href":"https:\/\/www.visitsutivan.com\/hr\/wp-json\/wp\/v2\/media?parent=913"}],"curies":[{"name":"wp","href":"https:\/\/api.w.org\/{rel}","templated":true}]}}